{"id":589,"date":"2025-03-16T11:44:24","date_gmt":"2025-03-16T11:44:24","guid":{"rendered":"https:\/\/woodlovedesign.com\/producto\/mini-estanteria-rustica-para-empresas-y-hogares\/"},"modified":"2025-03-16T11:44:24","modified_gmt":"2025-03-16T11:44:24","slug":"mini-estanteria-rustica-para-empresas-y-hogares","status":"publish","type":"product","link":"https:\/\/woodlovedesign.com\/en\/producto\/mini-estanteria-rustica-para-empresas-y-hogares\/","title":{"rendered":"Mini estanter\u00eda r\u00fastica para empresas y hogares"},"content":{"rendered":"<p>Estanter\u00eda de madera artesanal perfecta para decorar espacios peque\u00f1os con estilo \u00fanico y c\u00e1lido.<\/p>\n","protected":false},"excerpt":{"rendered":"<p>Estanter\u00eda de madera artesanal ideal para lugares peque\u00f1os.<\/p>\n","protected":false},"featured_media":551,"comment_status":"open","ping_status":"closed","template":"","meta":{"_acf_changed":false,"iawp_total_views":0},"marca":[81,47],"product_brand":[],"product_cat":[87,95],"product_tag":[88,89,94],"class_list":{"0":"post-589","1":"product","2":"type-product","3":"status-publish","4":"has-post-thumbnail","6":"marca-decorwood","7":"marca-woodlove","8":"product_cat-empresas-en","9":"product_cat-particulares-en","10":"product_tag-artesanal-en","11":"product_tag-decoracion-en","12":"product_tag-madera-en","14":"first","15":"instock","16":"sale","17":"shipping-taxable","18":"purchasable","19":"product-type-simple"},"acf":[],"yoast_head":"<!-- This site is optimized with the Yoast SEO plugin v27.4 - https:\/\/yoast.com\/product\/yoast-seo-wordpress\/ -->\n<title>Mini estanter\u00eda r\u00fastica para empresas y hogares - Woodlove<\/title>\n<meta name=\"robots\" content=\"index, follow, max-snippet:-1, max-image-preview:large, max-video-preview:-1\" \/>\n<link rel=\"canonical\" href=\"https:\/\/woodlovedesign.com\/en\/producto\/mini-estanteria-rustica-para-empresas-y-hogares\/\" \/>\n<meta property=\"og:locale\" content=\"en_US\" \/>\n<meta property=\"og:type\" content=\"article\" \/>\n<meta property=\"og:title\" content=\"Mini estanter\u00eda r\u00fastica para empresas y hogares - Woodlove\" \/>\n<meta property=\"og:description\" content=\"Estanter\u00eda de madera artesanal ideal para lugares peque\u00f1os.\" \/>\n<meta property=\"og:url\" content=\"https:\/\/woodlovedesign.com\/en\/producto\/mini-estanteria-rustica-para-empresas-y-hogares\/\" \/>\n<meta property=\"og:site_name\" content=\"Woodlove\" \/>\n<meta property=\"og:image\" content=\"https:\/\/woodlovedesign.com\/wp-content\/uploads\/2025\/03\/Leonardo_Vision_XL_Crear_una_imagen_que_muestre_una_mini_estan_0.jpg\" \/>\n\t<meta property=\"og:image:width\" content=\"1792\" \/>\n\t<meta property=\"og:image:height\" content=\"1456\" \/>\n\t<meta property=\"og:image:type\" content=\"image\/jpeg\" \/>\n<meta name=\"twitter:card\" content=\"summary_large_image\" \/>\n<!-- \/ Yoast SEO plugin. -->","yoast_head_json":{"title":"Mini estanter\u00eda r\u00fastica para empresas y hogares - Woodlove","robots":{"index":"index","follow":"follow","max-snippet":"max-snippet:-1","max-image-preview":"max-image-preview:large","max-video-preview":"max-video-preview:-1"},"canonical":"https:\/\/woodlovedesign.com\/en\/producto\/mini-estanteria-rustica-para-empresas-y-hogares\/","og_locale":"en_US","og_type":"article","og_title":"Mini estanter\u00eda r\u00fastica para empresas y hogares - Woodlove","og_description":"Estanter\u00eda de madera artesanal ideal para lugares peque\u00f1os.","og_url":"https:\/\/woodlovedesign.com\/en\/producto\/mini-estanteria-rustica-para-empresas-y-hogares\/","og_site_name":"Woodlove","og_image":[{"width":1792,"height":1456,"url":"https:\/\/woodlovedesign.com\/wp-content\/uploads\/2025\/03\/Leonardo_Vision_XL_Crear_una_imagen_que_muestre_una_mini_estan_0.jpg","type":"image\/jpeg"}],"twitter_card":"summary_large_image","schema":{"@context":"https:\/\/schema.org","@graph":[{"@type":"WebPage","@id":"https:\/\/woodlovedesign.com\/en\/producto\/mini-estanteria-rustica-para-empresas-y-hogares\/","url":"https:\/\/woodlovedesign.com\/en\/producto\/mini-estanteria-rustica-para-empresas-y-hogares\/","name":"Mini estanter\u00eda r\u00fastica para empresas y hogares - Woodlove","isPartOf":{"@id":"https:\/\/woodlovedesign.com\/en\/#website"},"primaryImageOfPage":{"@id":"https:\/\/woodlovedesign.com\/en\/producto\/mini-estanteria-rustica-para-empresas-y-hogares\/#primaryimage"},"image":{"@id":"https:\/\/woodlovedesign.com\/en\/producto\/mini-estanteria-rustica-para-empresas-y-hogares\/#primaryimage"},"thumbnailUrl":"https:\/\/woodlovedesign.com\/wp-content\/uploads\/2025\/03\/Leonardo_Vision_XL_Crear_una_imagen_que_muestre_una_mini_estan_0.jpg","datePublished":"2025-03-16T11:44:24+00:00","breadcrumb":{"@id":"https:\/\/woodlovedesign.com\/en\/producto\/mini-estanteria-rustica-para-empresas-y-hogares\/#breadcrumb"},"inLanguage":"en-US","potentialAction":[{"@type":"ReadAction","target":["https:\/\/woodlovedesign.com\/en\/producto\/mini-estanteria-rustica-para-empresas-y-hogares\/"]}]},{"@type":"ImageObject","inLanguage":"en-US","@id":"https:\/\/woodlovedesign.com\/en\/producto\/mini-estanteria-rustica-para-empresas-y-hogares\/#primaryimage","url":"https:\/\/woodlovedesign.com\/wp-content\/uploads\/2025\/03\/Leonardo_Vision_XL_Crear_una_imagen_que_muestre_una_mini_estan_0.jpg","contentUrl":"https:\/\/woodlovedesign.com\/wp-content\/uploads\/2025\/03\/Leonardo_Vision_XL_Crear_una_imagen_que_muestre_una_mini_estan_0.jpg","width":1792,"height":1456},{"@type":"BreadcrumbList","@id":"https:\/\/woodlovedesign.com\/en\/producto\/mini-estanteria-rustica-para-empresas-y-hogares\/#breadcrumb","itemListElement":[{"@type":"ListItem","position":1,"name":"Portada","item":"https:\/\/woodlovedesign.com\/en\/"},{"@type":"ListItem","position":2,"name":"Tienda","item":"https:\/\/woodlovedesign.com\/en\/tienda-2\/"},{"@type":"ListItem","position":3,"name":"Mini estanter\u00eda r\u00fastica para empresas y hogares"}]},{"@type":"WebSite","@id":"https:\/\/woodlovedesign.com\/en\/#website","url":"https:\/\/woodlovedesign.com\/en\/","name":"Woodlove","description":"","potentialAction":[{"@type":"SearchAction","target":{"@type":"EntryPoint","urlTemplate":"https:\/\/woodlovedesign.com\/en\/?s={search_term_string}"},"query-input":{"@type":"PropertyValueSpecification","valueRequired":true,"valueName":"search_term_string"}}],"inLanguage":"en-US"}]}},"_links":{"self":[{"href":"https:\/\/woodlovedesign.com\/en\/wp-json\/wp\/v2\/product\/589","targetHints":{"allow":["GET"]}}],"collection":[{"href":"https:\/\/woodlovedesign.com\/en\/wp-json\/wp\/v2\/product"}],"about":[{"href":"https:\/\/woodlovedesign.com\/en\/wp-json\/wp\/v2\/types\/product"}],"replies":[{"embeddable":true,"href":"https:\/\/woodlovedesign.com\/en\/wp-json\/wp\/v2\/comments?post=589"}],"wp:featuredmedia":[{"embeddable":true,"href":"https:\/\/woodlovedesign.com\/en\/wp-json\/wp\/v2\/media\/551"}],"wp:attachment":[{"href":"https:\/\/woodlovedesign.com\/en\/wp-json\/wp\/v2\/media?parent=589"}],"wp:term":[{"taxonomy":"marca","embeddable":true,"href":"https:\/\/woodlovedesign.com\/en\/wp-json\/wp\/v2\/marca?post=589"},{"taxonomy":"product_brand","embeddable":true,"href":"https:\/\/woodlovedesign.com\/en\/wp-json\/wp\/v2\/product_brand?post=589"},{"taxonomy":"product_cat","embeddable":true,"href":"https:\/\/woodlovedesign.com\/en\/wp-json\/wp\/v2\/product_cat?post=589"},{"taxonomy":"product_tag","embeddable":true,"href":"https:\/\/woodlovedesign.com\/en\/wp-json\/wp\/v2\/product_tag?post=589"}],"curies":[{"name":"wp","href":"https:\/\/api.w.org\/{rel}","templated":true}]}}