{"id":595,"date":"2025-03-16T11:39:27","date_gmt":"2025-03-16T11:39:27","guid":{"rendered":"https:\/\/woodlovedesign.com\/producto\/rincon-rustico-mesa-auxiliar-artesanal\/"},"modified":"2025-03-16T11:39:27","modified_gmt":"2025-03-16T11:39:27","slug":"rincon-rustico-mesa-auxiliar-artesanal","status":"publish","type":"product","link":"https:\/\/woodlovedesign.com\/en\/producto\/rincon-rustico-mesa-auxiliar-artesanal\/","title":{"rendered":"Rinc\u00f3n R\u00fastico: Mesa Auxiliar Artesanal"},"content":{"rendered":"<p>Una mesa auxiliar de madera reciclada, perfecta para darle un toque r\u00fastico a tu hogar. Ideal para espacios peque\u00f1os.<\/p>\n","protected":false},"excerpt":{"rendered":"<p>Mesa auxiliar de madera reciclada con dise\u00f1o r\u00fastico.<\/p>\n","protected":false},"featured_media":497,"comment_status":"open","ping_status":"closed","template":"","meta":{"_acf_changed":false,"iawp_total_views":0},"marca":[59,47],"product_brand":[],"product_cat":[86,92],"product_tag":[101,102,103],"class_list":{"0":"post-595","1":"product","2":"type-product","3":"status-publish","4":"has-post-thumbnail","6":"marca-artesanos","7":"marca-woodlove","8":"product_cat-carpnteria-en","9":"product_cat-objetos-artesanales-en","10":"product_tag-hecho-a-mano-en","11":"product_tag-madera-rustica-en","12":"product_tag-mesa-auxiliar-en","14":"first","15":"instock","16":"sale","17":"shipping-taxable","18":"purchasable","19":"product-type-simple"},"acf":[],"yoast_head":"<!-- This site is optimized with the Yoast SEO plugin v27.4 - https:\/\/yoast.com\/product\/yoast-seo-wordpress\/ -->\n<title>Rinc\u00f3n R\u00fastico: Mesa Auxiliar Artesanal - Woodlove<\/title>\n<meta name=\"robots\" content=\"index, follow, max-snippet:-1, max-image-preview:large, max-video-preview:-1\" \/>\n<link rel=\"canonical\" href=\"https:\/\/woodlovedesign.com\/en\/producto\/rincon-rustico-mesa-auxiliar-artesanal\/\" \/>\n<meta property=\"og:locale\" content=\"en_US\" \/>\n<meta property=\"og:type\" content=\"article\" \/>\n<meta property=\"og:title\" content=\"Rinc\u00f3n R\u00fastico: Mesa Auxiliar Artesanal - Woodlove\" \/>\n<meta property=\"og:description\" content=\"Mesa auxiliar de madera reciclada con dise\u00f1o r\u00fastico.\" \/>\n<meta property=\"og:url\" content=\"https:\/\/woodlovedesign.com\/en\/producto\/rincon-rustico-mesa-auxiliar-artesanal\/\" \/>\n<meta property=\"og:site_name\" content=\"Woodlove\" \/>\n<meta property=\"og:image\" content=\"https:\/\/woodlovedesign.com\/wp-content\/uploads\/2025\/03\/Leonardo_Vision_XL_Una_mesa_auxiliar_de_madera_reciclada_en_un_0.jpg\" \/>\n\t<meta property=\"og:image:width\" content=\"1792\" \/>\n\t<meta property=\"og:image:height\" content=\"1456\" \/>\n\t<meta property=\"og:image:type\" content=\"image\/jpeg\" \/>\n<meta name=\"twitter:card\" content=\"summary_large_image\" \/>\n<!-- \/ Yoast SEO plugin. -->","yoast_head_json":{"title":"Rinc\u00f3n R\u00fastico: Mesa Auxiliar Artesanal - Woodlove","robots":{"index":"index","follow":"follow","max-snippet":"max-snippet:-1","max-image-preview":"max-image-preview:large","max-video-preview":"max-video-preview:-1"},"canonical":"https:\/\/woodlovedesign.com\/en\/producto\/rincon-rustico-mesa-auxiliar-artesanal\/","og_locale":"en_US","og_type":"article","og_title":"Rinc\u00f3n R\u00fastico: Mesa Auxiliar Artesanal - Woodlove","og_description":"Mesa auxiliar de madera reciclada con dise\u00f1o r\u00fastico.","og_url":"https:\/\/woodlovedesign.com\/en\/producto\/rincon-rustico-mesa-auxiliar-artesanal\/","og_site_name":"Woodlove","og_image":[{"width":1792,"height":1456,"url":"https:\/\/woodlovedesign.com\/wp-content\/uploads\/2025\/03\/Leonardo_Vision_XL_Una_mesa_auxiliar_de_madera_reciclada_en_un_0.jpg","type":"image\/jpeg"}],"twitter_card":"summary_large_image","schema":{"@context":"https:\/\/schema.org","@graph":[{"@type":"WebPage","@id":"https:\/\/woodlovedesign.com\/en\/producto\/rincon-rustico-mesa-auxiliar-artesanal\/","url":"https:\/\/woodlovedesign.com\/en\/producto\/rincon-rustico-mesa-auxiliar-artesanal\/","name":"Rinc\u00f3n R\u00fastico: Mesa Auxiliar Artesanal - Woodlove","isPartOf":{"@id":"https:\/\/woodlovedesign.com\/en\/#website"},"primaryImageOfPage":{"@id":"https:\/\/woodlovedesign.com\/en\/producto\/rincon-rustico-mesa-auxiliar-artesanal\/#primaryimage"},"image":{"@id":"https:\/\/woodlovedesign.com\/en\/producto\/rincon-rustico-mesa-auxiliar-artesanal\/#primaryimage"},"thumbnailUrl":"https:\/\/woodlovedesign.com\/wp-content\/uploads\/2025\/03\/Leonardo_Vision_XL_Una_mesa_auxiliar_de_madera_reciclada_en_un_0.jpg","datePublished":"2025-03-16T11:39:27+00:00","breadcrumb":{"@id":"https:\/\/woodlovedesign.com\/en\/producto\/rincon-rustico-mesa-auxiliar-artesanal\/#breadcrumb"},"inLanguage":"en-US","potentialAction":[{"@type":"ReadAction","target":["https:\/\/woodlovedesign.com\/en\/producto\/rincon-rustico-mesa-auxiliar-artesanal\/"]}]},{"@type":"ImageObject","inLanguage":"en-US","@id":"https:\/\/woodlovedesign.com\/en\/producto\/rincon-rustico-mesa-auxiliar-artesanal\/#primaryimage","url":"https:\/\/woodlovedesign.com\/wp-content\/uploads\/2025\/03\/Leonardo_Vision_XL_Una_mesa_auxiliar_de_madera_reciclada_en_un_0.jpg","contentUrl":"https:\/\/woodlovedesign.com\/wp-content\/uploads\/2025\/03\/Leonardo_Vision_XL_Una_mesa_auxiliar_de_madera_reciclada_en_un_0.jpg","width":1792,"height":1456},{"@type":"BreadcrumbList","@id":"https:\/\/woodlovedesign.com\/en\/producto\/rincon-rustico-mesa-auxiliar-artesanal\/#breadcrumb","itemListElement":[{"@type":"ListItem","position":1,"name":"Portada","item":"https:\/\/woodlovedesign.com\/en\/"},{"@type":"ListItem","position":2,"name":"Tienda","item":"https:\/\/woodlovedesign.com\/en\/tienda-2\/"},{"@type":"ListItem","position":3,"name":"Rinc\u00f3n R\u00fastico: Mesa Auxiliar Artesanal"}]},{"@type":"WebSite","@id":"https:\/\/woodlovedesign.com\/en\/#website","url":"https:\/\/woodlovedesign.com\/en\/","name":"Woodlove","description":"","potentialAction":[{"@type":"SearchAction","target":{"@type":"EntryPoint","urlTemplate":"https:\/\/woodlovedesign.com\/en\/?s={search_term_string}"},"query-input":{"@type":"PropertyValueSpecification","valueRequired":true,"valueName":"search_term_string"}}],"inLanguage":"en-US"}]}},"_links":{"self":[{"href":"https:\/\/woodlovedesign.com\/en\/wp-json\/wp\/v2\/product\/595","targetHints":{"allow":["GET"]}}],"collection":[{"href":"https:\/\/woodlovedesign.com\/en\/wp-json\/wp\/v2\/product"}],"about":[{"href":"https:\/\/woodlovedesign.com\/en\/wp-json\/wp\/v2\/types\/product"}],"replies":[{"embeddable":true,"href":"https:\/\/woodlovedesign.com\/en\/wp-json\/wp\/v2\/comments?post=595"}],"wp:featuredmedia":[{"embeddable":true,"href":"https:\/\/woodlovedesign.com\/en\/wp-json\/wp\/v2\/media\/497"}],"wp:attachment":[{"href":"https:\/\/woodlovedesign.com\/en\/wp-json\/wp\/v2\/media?parent=595"}],"wp:term":[{"taxonomy":"marca","embeddable":true,"href":"https:\/\/woodlovedesign.com\/en\/wp-json\/wp\/v2\/marca?post=595"},{"taxonomy":"product_brand","embeddable":true,"href":"https:\/\/woodlovedesign.com\/en\/wp-json\/wp\/v2\/product_brand?post=595"},{"taxonomy":"product_cat","embeddable":true,"href":"https:\/\/woodlovedesign.com\/en\/wp-json\/wp\/v2\/product_cat?post=595"},{"taxonomy":"product_tag","embeddable":true,"href":"https:\/\/woodlovedesign.com\/en\/wp-json\/wp\/v2\/product_tag?post=595"}],"curies":[{"name":"wp","href":"https:\/\/api.w.org\/{rel}","templated":true}]}}