{"id":596,"date":"2025-03-16T11:38:40","date_gmt":"2025-03-16T11:38:40","guid":{"rendered":"https:\/\/woodlovedesign.com\/producto\/mesa-auxiliar-eco-chic\/"},"modified":"2025-03-16T11:38:40","modified_gmt":"2025-03-16T11:38:40","slug":"mesa-auxiliar-eco-chic","status":"publish","type":"product","link":"https:\/\/woodlovedesign.com\/en\/producto\/mesa-auxiliar-eco-chic\/","title":{"rendered":"Mesa auxiliar eco-chic"},"content":{"rendered":"<p>Mesa auxiliar hecha a mano en madera reciclada, ideal para espacios peque\u00f1os. A\u00f1ade un toque r\u00fastico y sostenible a tu hogar.<\/p>\n","protected":false},"excerpt":{"rendered":"<p>Mesa auxiliar hecha a mano con madera reciclada. Estilo r\u00fastico sostenible.<\/p>\n","protected":false},"featured_media":488,"comment_status":"open","ping_status":"closed","template":"","meta":{"_acf_changed":false,"iawp_total_views":0},"marca":[68,47],"product_brand":[],"product_cat":[91,95],"product_tag":[104,101,105],"class_list":{"0":"post-596","1":"product","2":"type-product","3":"status-publish","4":"has-post-thumbnail","6":"marca-ecocraft","7":"marca-woodlove","8":"product_cat-muebles-en","9":"product_cat-particulares-en","10":"product_tag-decoracion-rustica-en","11":"product_tag-hecho-a-mano-en","12":"product_tag-muebles-pequenos-en","14":"first","15":"instock","16":"sale","17":"shipping-taxable","18":"purchasable","19":"product-type-simple"},"acf":[],"yoast_head":"<!-- This site is optimized with the Yoast SEO plugin v27.4 - https:\/\/yoast.com\/product\/yoast-seo-wordpress\/ -->\n<title>Mesa auxiliar eco-chic - Woodlove<\/title>\n<meta name=\"robots\" content=\"index, follow, max-snippet:-1, max-image-preview:large, max-video-preview:-1\" \/>\n<link rel=\"canonical\" href=\"https:\/\/woodlovedesign.com\/en\/producto\/mesa-auxiliar-eco-chic\/\" \/>\n<meta property=\"og:locale\" content=\"en_US\" \/>\n<meta property=\"og:type\" content=\"article\" \/>\n<meta property=\"og:title\" content=\"Mesa auxiliar eco-chic - Woodlove\" \/>\n<meta property=\"og:description\" content=\"Mesa auxiliar hecha a mano con madera reciclada. Estilo r\u00fastico sostenible.\" \/>\n<meta property=\"og:url\" content=\"https:\/\/woodlovedesign.com\/en\/producto\/mesa-auxiliar-eco-chic\/\" \/>\n<meta property=\"og:site_name\" content=\"Woodlove\" \/>\n<meta property=\"og:image\" content=\"https:\/\/woodlovedesign.com\/wp-content\/uploads\/2025\/03\/Leonardo_Vision_XL_Diseo_una_imagen_de_una_mesa_auxiliar_hecha_0.jpg\" \/>\n\t<meta property=\"og:image:width\" content=\"1792\" \/>\n\t<meta property=\"og:image:height\" content=\"1456\" \/>\n\t<meta property=\"og:image:type\" content=\"image\/jpeg\" \/>\n<meta name=\"twitter:card\" content=\"summary_large_image\" \/>\n<!-- \/ Yoast SEO plugin. -->","yoast_head_json":{"title":"Mesa auxiliar eco-chic - Woodlove","robots":{"index":"index","follow":"follow","max-snippet":"max-snippet:-1","max-image-preview":"max-image-preview:large","max-video-preview":"max-video-preview:-1"},"canonical":"https:\/\/woodlovedesign.com\/en\/producto\/mesa-auxiliar-eco-chic\/","og_locale":"en_US","og_type":"article","og_title":"Mesa auxiliar eco-chic - Woodlove","og_description":"Mesa auxiliar hecha a mano con madera reciclada. Estilo r\u00fastico sostenible.","og_url":"https:\/\/woodlovedesign.com\/en\/producto\/mesa-auxiliar-eco-chic\/","og_site_name":"Woodlove","og_image":[{"width":1792,"height":1456,"url":"https:\/\/woodlovedesign.com\/wp-content\/uploads\/2025\/03\/Leonardo_Vision_XL_Diseo_una_imagen_de_una_mesa_auxiliar_hecha_0.jpg","type":"image\/jpeg"}],"twitter_card":"summary_large_image","schema":{"@context":"https:\/\/schema.org","@graph":[{"@type":"WebPage","@id":"https:\/\/woodlovedesign.com\/en\/producto\/mesa-auxiliar-eco-chic\/","url":"https:\/\/woodlovedesign.com\/en\/producto\/mesa-auxiliar-eco-chic\/","name":"Mesa auxiliar eco-chic - Woodlove","isPartOf":{"@id":"https:\/\/woodlovedesign.com\/en\/#website"},"primaryImageOfPage":{"@id":"https:\/\/woodlovedesign.com\/en\/producto\/mesa-auxiliar-eco-chic\/#primaryimage"},"image":{"@id":"https:\/\/woodlovedesign.com\/en\/producto\/mesa-auxiliar-eco-chic\/#primaryimage"},"thumbnailUrl":"https:\/\/woodlovedesign.com\/wp-content\/uploads\/2025\/03\/Leonardo_Vision_XL_Diseo_una_imagen_de_una_mesa_auxiliar_hecha_0.jpg","datePublished":"2025-03-16T11:38:40+00:00","breadcrumb":{"@id":"https:\/\/woodlovedesign.com\/en\/producto\/mesa-auxiliar-eco-chic\/#breadcrumb"},"inLanguage":"en-US","potentialAction":[{"@type":"ReadAction","target":["https:\/\/woodlovedesign.com\/en\/producto\/mesa-auxiliar-eco-chic\/"]}]},{"@type":"ImageObject","inLanguage":"en-US","@id":"https:\/\/woodlovedesign.com\/en\/producto\/mesa-auxiliar-eco-chic\/#primaryimage","url":"https:\/\/woodlovedesign.com\/wp-content\/uploads\/2025\/03\/Leonardo_Vision_XL_Diseo_una_imagen_de_una_mesa_auxiliar_hecha_0.jpg","contentUrl":"https:\/\/woodlovedesign.com\/wp-content\/uploads\/2025\/03\/Leonardo_Vision_XL_Diseo_una_imagen_de_una_mesa_auxiliar_hecha_0.jpg","width":1792,"height":1456},{"@type":"BreadcrumbList","@id":"https:\/\/woodlovedesign.com\/en\/producto\/mesa-auxiliar-eco-chic\/#breadcrumb","itemListElement":[{"@type":"ListItem","position":1,"name":"Portada","item":"https:\/\/woodlovedesign.com\/en\/"},{"@type":"ListItem","position":2,"name":"Tienda","item":"https:\/\/woodlovedesign.com\/en\/tienda-2\/"},{"@type":"ListItem","position":3,"name":"Mesa auxiliar eco-chic"}]},{"@type":"WebSite","@id":"https:\/\/woodlovedesign.com\/en\/#website","url":"https:\/\/woodlovedesign.com\/en\/","name":"Woodlove","description":"","potentialAction":[{"@type":"SearchAction","target":{"@type":"EntryPoint","urlTemplate":"https:\/\/woodlovedesign.com\/en\/?s={search_term_string}"},"query-input":{"@type":"PropertyValueSpecification","valueRequired":true,"valueName":"search_term_string"}}],"inLanguage":"en-US"}]}},"_links":{"self":[{"href":"https:\/\/woodlovedesign.com\/en\/wp-json\/wp\/v2\/product\/596","targetHints":{"allow":["GET"]}}],"collection":[{"href":"https:\/\/woodlovedesign.com\/en\/wp-json\/wp\/v2\/product"}],"about":[{"href":"https:\/\/woodlovedesign.com\/en\/wp-json\/wp\/v2\/types\/product"}],"replies":[{"embeddable":true,"href":"https:\/\/woodlovedesign.com\/en\/wp-json\/wp\/v2\/comments?post=596"}],"wp:featuredmedia":[{"embeddable":true,"href":"https:\/\/woodlovedesign.com\/en\/wp-json\/wp\/v2\/media\/488"}],"wp:attachment":[{"href":"https:\/\/woodlovedesign.com\/en\/wp-json\/wp\/v2\/media?parent=596"}],"wp:term":[{"taxonomy":"marca","embeddable":true,"href":"https:\/\/woodlovedesign.com\/en\/wp-json\/wp\/v2\/marca?post=596"},{"taxonomy":"product_brand","embeddable":true,"href":"https:\/\/woodlovedesign.com\/en\/wp-json\/wp\/v2\/product_brand?post=596"},{"taxonomy":"product_cat","embeddable":true,"href":"https:\/\/woodlovedesign.com\/en\/wp-json\/wp\/v2\/product_cat?post=596"},{"taxonomy":"product_tag","embeddable":true,"href":"https:\/\/woodlovedesign.com\/en\/wp-json\/wp\/v2\/product_tag?post=596"}],"curies":[{"name":"wp","href":"https:\/\/api.w.org\/{rel}","templated":true}]}}