{"id":598,"date":"2025-03-16T11:37:03","date_gmt":"2025-03-16T11:37:03","guid":{"rendered":"https:\/\/woodlovedesign.com\/producto\/mesa-auxiliar-vintage-en-madera-rustica-artisanal\/"},"modified":"2025-03-16T11:37:03","modified_gmt":"2025-03-16T11:37:03","slug":"mesa-auxiliar-vintage-en-madera-rustica-artisanal","status":"publish","type":"product","link":"https:\/\/woodlovedesign.com\/en\/producto\/mesa-auxiliar-vintage-en-madera-rustica-artisanal\/","title":{"rendered":"Mesa auxiliar vintage en madera r\u00fastica artisanal"},"content":{"rendered":"<p>Mesa auxiliar hecha a mano en madera, ideal para decorar con estilo r\u00fastico cualquier rinc\u00f3n.<\/p>\n","protected":false},"excerpt":{"rendered":"<p>Mesa auxiliar r\u00fastica de madera, hecha a mano.<\/p>\n","protected":false},"featured_media":470,"comment_status":"open","ping_status":"closed","template":"","meta":{"_acf_changed":false,"iawp_total_views":0},"marca":[67,47],"product_brand":[],"product_cat":[91,92],"product_tag":[99,89,106],"class_list":{"0":"post-598","1":"product","2":"type-product","3":"status-publish","4":"has-post-thumbnail","6":"marca-artesanales","7":"marca-woodlove","8":"product_cat-muebles-en","9":"product_cat-objetos-artesanales-en","10":"product_tag-artesania-en","11":"product_tag-decoracion-en","12":"product_tag-muebles-en","14":"first","15":"instock","16":"shipping-taxable","17":"purchasable","18":"product-type-simple"},"acf":[],"yoast_head":"<!-- This site is optimized with the Yoast SEO plugin v27.4 - https:\/\/yoast.com\/product\/yoast-seo-wordpress\/ -->\n<title>Mesa auxiliar vintage en madera r\u00fastica artisanal - Woodlove<\/title>\n<meta name=\"robots\" content=\"index, follow, max-snippet:-1, max-image-preview:large, max-video-preview:-1\" \/>\n<link rel=\"canonical\" href=\"https:\/\/woodlovedesign.com\/en\/producto\/mesa-auxiliar-vintage-en-madera-rustica-artisanal\/\" \/>\n<meta property=\"og:locale\" content=\"en_US\" \/>\n<meta property=\"og:type\" content=\"article\" \/>\n<meta property=\"og:title\" content=\"Mesa auxiliar vintage en madera r\u00fastica artisanal - Woodlove\" \/>\n<meta property=\"og:description\" content=\"Mesa auxiliar r\u00fastica de madera, hecha a mano.\" \/>\n<meta property=\"og:url\" content=\"https:\/\/woodlovedesign.com\/en\/producto\/mesa-auxiliar-vintage-en-madera-rustica-artisanal\/\" \/>\n<meta property=\"og:site_name\" content=\"Woodlove\" \/>\n<meta property=\"og:image\" content=\"https:\/\/woodlovedesign.com\/wp-content\/uploads\/2025\/03\/Leonardo_Vision_XL_Imagen_de_una_mesa_auxiliar_vintage_de_made_0.jpg\" \/>\n\t<meta property=\"og:image:width\" content=\"1792\" \/>\n\t<meta property=\"og:image:height\" content=\"1456\" \/>\n\t<meta property=\"og:image:type\" content=\"image\/jpeg\" \/>\n<meta name=\"twitter:card\" content=\"summary_large_image\" \/>\n<!-- \/ Yoast SEO plugin. -->","yoast_head_json":{"title":"Mesa auxiliar vintage en madera r\u00fastica artisanal - Woodlove","robots":{"index":"index","follow":"follow","max-snippet":"max-snippet:-1","max-image-preview":"max-image-preview:large","max-video-preview":"max-video-preview:-1"},"canonical":"https:\/\/woodlovedesign.com\/en\/producto\/mesa-auxiliar-vintage-en-madera-rustica-artisanal\/","og_locale":"en_US","og_type":"article","og_title":"Mesa auxiliar vintage en madera r\u00fastica artisanal - Woodlove","og_description":"Mesa auxiliar r\u00fastica de madera, hecha a mano.","og_url":"https:\/\/woodlovedesign.com\/en\/producto\/mesa-auxiliar-vintage-en-madera-rustica-artisanal\/","og_site_name":"Woodlove","og_image":[{"width":1792,"height":1456,"url":"https:\/\/woodlovedesign.com\/wp-content\/uploads\/2025\/03\/Leonardo_Vision_XL_Imagen_de_una_mesa_auxiliar_vintage_de_made_0.jpg","type":"image\/jpeg"}],"twitter_card":"summary_large_image","schema":{"@context":"https:\/\/schema.org","@graph":[{"@type":"WebPage","@id":"https:\/\/woodlovedesign.com\/en\/producto\/mesa-auxiliar-vintage-en-madera-rustica-artisanal\/","url":"https:\/\/woodlovedesign.com\/en\/producto\/mesa-auxiliar-vintage-en-madera-rustica-artisanal\/","name":"Mesa auxiliar vintage en madera r\u00fastica artisanal - Woodlove","isPartOf":{"@id":"https:\/\/woodlovedesign.com\/en\/#website"},"primaryImageOfPage":{"@id":"https:\/\/woodlovedesign.com\/en\/producto\/mesa-auxiliar-vintage-en-madera-rustica-artisanal\/#primaryimage"},"image":{"@id":"https:\/\/woodlovedesign.com\/en\/producto\/mesa-auxiliar-vintage-en-madera-rustica-artisanal\/#primaryimage"},"thumbnailUrl":"https:\/\/woodlovedesign.com\/wp-content\/uploads\/2025\/03\/Leonardo_Vision_XL_Imagen_de_una_mesa_auxiliar_vintage_de_made_0.jpg","datePublished":"2025-03-16T11:37:03+00:00","breadcrumb":{"@id":"https:\/\/woodlovedesign.com\/en\/producto\/mesa-auxiliar-vintage-en-madera-rustica-artisanal\/#breadcrumb"},"inLanguage":"en-US","potentialAction":[{"@type":"ReadAction","target":["https:\/\/woodlovedesign.com\/en\/producto\/mesa-auxiliar-vintage-en-madera-rustica-artisanal\/"]}]},{"@type":"ImageObject","inLanguage":"en-US","@id":"https:\/\/woodlovedesign.com\/en\/producto\/mesa-auxiliar-vintage-en-madera-rustica-artisanal\/#primaryimage","url":"https:\/\/woodlovedesign.com\/wp-content\/uploads\/2025\/03\/Leonardo_Vision_XL_Imagen_de_una_mesa_auxiliar_vintage_de_made_0.jpg","contentUrl":"https:\/\/woodlovedesign.com\/wp-content\/uploads\/2025\/03\/Leonardo_Vision_XL_Imagen_de_una_mesa_auxiliar_vintage_de_made_0.jpg","width":1792,"height":1456},{"@type":"BreadcrumbList","@id":"https:\/\/woodlovedesign.com\/en\/producto\/mesa-auxiliar-vintage-en-madera-rustica-artisanal\/#breadcrumb","itemListElement":[{"@type":"ListItem","position":1,"name":"Portada","item":"https:\/\/woodlovedesign.com\/en\/"},{"@type":"ListItem","position":2,"name":"Tienda","item":"https:\/\/woodlovedesign.com\/en\/tienda-2\/"},{"@type":"ListItem","position":3,"name":"Mesa auxiliar vintage en madera r\u00fastica artisanal"}]},{"@type":"WebSite","@id":"https:\/\/woodlovedesign.com\/en\/#website","url":"https:\/\/woodlovedesign.com\/en\/","name":"Woodlove","description":"","potentialAction":[{"@type":"SearchAction","target":{"@type":"EntryPoint","urlTemplate":"https:\/\/woodlovedesign.com\/en\/?s={search_term_string}"},"query-input":{"@type":"PropertyValueSpecification","valueRequired":true,"valueName":"search_term_string"}}],"inLanguage":"en-US"}]}},"_links":{"self":[{"href":"https:\/\/woodlovedesign.com\/en\/wp-json\/wp\/v2\/product\/598","targetHints":{"allow":["GET"]}}],"collection":[{"href":"https:\/\/woodlovedesign.com\/en\/wp-json\/wp\/v2\/product"}],"about":[{"href":"https:\/\/woodlovedesign.com\/en\/wp-json\/wp\/v2\/types\/product"}],"replies":[{"embeddable":true,"href":"https:\/\/woodlovedesign.com\/en\/wp-json\/wp\/v2\/comments?post=598"}],"wp:featuredmedia":[{"embeddable":true,"href":"https:\/\/woodlovedesign.com\/en\/wp-json\/wp\/v2\/media\/470"}],"wp:attachment":[{"href":"https:\/\/woodlovedesign.com\/en\/wp-json\/wp\/v2\/media?parent=598"}],"wp:term":[{"taxonomy":"marca","embeddable":true,"href":"https:\/\/woodlovedesign.com\/en\/wp-json\/wp\/v2\/marca?post=598"},{"taxonomy":"product_brand","embeddable":true,"href":"https:\/\/woodlovedesign.com\/en\/wp-json\/wp\/v2\/product_brand?post=598"},{"taxonomy":"product_cat","embeddable":true,"href":"https:\/\/woodlovedesign.com\/en\/wp-json\/wp\/v2\/product_cat?post=598"},{"taxonomy":"product_tag","embeddable":true,"href":"https:\/\/woodlovedesign.com\/en\/wp-json\/wp\/v2\/product_tag?post=598"}],"curies":[{"name":"wp","href":"https:\/\/api.w.org\/{rel}","templated":true}]}}