{"id":602,"date":"2025-03-16T11:33:20","date_gmt":"2025-03-16T11:33:20","guid":{"rendered":"https:\/\/woodlovedesign.com\/producto\/estante-rustico-carpintero-hecho-a-mano\/"},"modified":"2025-03-16T11:33:20","modified_gmt":"2025-03-16T11:33:20","slug":"estante-rustico-carpintero-hecho-a-mano","status":"publish","type":"product","link":"https:\/\/woodlovedesign.com\/en\/producto\/estante-rustico-carpintero-hecho-a-mano\/","title":{"rendered":"Estante r\u00fastico carpintero hecho a mano"},"content":{"rendered":"<p>Un estante artesanal para tus libros o decoraciones peque\u00f1as, hecho en madera con detalles \u00fanicos.<\/p>\n","protected":false},"excerpt":{"rendered":"<p>Estante artesanal de madera con detalles \u00fanicos.<\/p>\n","protected":false},"featured_media":434,"comment_status":"open","ping_status":"closed","template":"","meta":{"_acf_changed":false,"iawp_total_views":0},"marca":[60,47],"product_brand":[],"product_cat":[86,87],"product_tag":[99,107,89],"class_list":{"0":"post-602","1":"product","2":"type-product","3":"status-publish","4":"has-post-thumbnail","6":"marca-manos-maestras","7":"marca-woodlove","8":"product_cat-carpnteria-en","9":"product_cat-empresas-en","10":"product_tag-artesania-en","11":"product_tag-carpinteria-en","12":"product_tag-decoracion-en","14":"first","15":"instock","16":"sale","17":"shipping-taxable","18":"purchasable","19":"product-type-simple"},"acf":[],"yoast_head":"<!-- This site is optimized with the Yoast SEO plugin v27.4 - https:\/\/yoast.com\/product\/yoast-seo-wordpress\/ -->\n<title>Estante r\u00fastico carpintero hecho a mano - Woodlove<\/title>\n<meta name=\"robots\" content=\"index, follow, max-snippet:-1, max-image-preview:large, max-video-preview:-1\" \/>\n<link rel=\"canonical\" href=\"https:\/\/woodlovedesign.com\/en\/producto\/estante-rustico-carpintero-hecho-a-mano\/\" \/>\n<meta property=\"og:locale\" content=\"en_US\" \/>\n<meta property=\"og:type\" content=\"article\" \/>\n<meta property=\"og:title\" content=\"Estante r\u00fastico carpintero hecho a mano - Woodlove\" \/>\n<meta property=\"og:description\" content=\"Estante artesanal de madera con detalles \u00fanicos.\" \/>\n<meta property=\"og:url\" content=\"https:\/\/woodlovedesign.com\/en\/producto\/estante-rustico-carpintero-hecho-a-mano\/\" \/>\n<meta property=\"og:site_name\" content=\"Woodlove\" \/>\n<meta property=\"og:image\" content=\"https:\/\/woodlovedesign.com\/wp-content\/uploads\/2025\/03\/Leonardo_Vision_XL_Disea_una_imagen_de_un_estante_rstico_hecho_0.jpg\" \/>\n\t<meta property=\"og:image:width\" content=\"1792\" \/>\n\t<meta property=\"og:image:height\" content=\"1456\" \/>\n\t<meta property=\"og:image:type\" content=\"image\/jpeg\" \/>\n<meta name=\"twitter:card\" content=\"summary_large_image\" \/>\n<!-- \/ Yoast SEO plugin. -->","yoast_head_json":{"title":"Estante r\u00fastico carpintero hecho a mano - Woodlove","robots":{"index":"index","follow":"follow","max-snippet":"max-snippet:-1","max-image-preview":"max-image-preview:large","max-video-preview":"max-video-preview:-1"},"canonical":"https:\/\/woodlovedesign.com\/en\/producto\/estante-rustico-carpintero-hecho-a-mano\/","og_locale":"en_US","og_type":"article","og_title":"Estante r\u00fastico carpintero hecho a mano - Woodlove","og_description":"Estante artesanal de madera con detalles \u00fanicos.","og_url":"https:\/\/woodlovedesign.com\/en\/producto\/estante-rustico-carpintero-hecho-a-mano\/","og_site_name":"Woodlove","og_image":[{"width":1792,"height":1456,"url":"https:\/\/woodlovedesign.com\/wp-content\/uploads\/2025\/03\/Leonardo_Vision_XL_Disea_una_imagen_de_un_estante_rstico_hecho_0.jpg","type":"image\/jpeg"}],"twitter_card":"summary_large_image","schema":{"@context":"https:\/\/schema.org","@graph":[{"@type":"WebPage","@id":"https:\/\/woodlovedesign.com\/en\/producto\/estante-rustico-carpintero-hecho-a-mano\/","url":"https:\/\/woodlovedesign.com\/en\/producto\/estante-rustico-carpintero-hecho-a-mano\/","name":"Estante r\u00fastico carpintero hecho a mano - Woodlove","isPartOf":{"@id":"https:\/\/woodlovedesign.com\/en\/#website"},"primaryImageOfPage":{"@id":"https:\/\/woodlovedesign.com\/en\/producto\/estante-rustico-carpintero-hecho-a-mano\/#primaryimage"},"image":{"@id":"https:\/\/woodlovedesign.com\/en\/producto\/estante-rustico-carpintero-hecho-a-mano\/#primaryimage"},"thumbnailUrl":"https:\/\/woodlovedesign.com\/wp-content\/uploads\/2025\/03\/Leonardo_Vision_XL_Disea_una_imagen_de_un_estante_rstico_hecho_0.jpg","datePublished":"2025-03-16T11:33:20+00:00","breadcrumb":{"@id":"https:\/\/woodlovedesign.com\/en\/producto\/estante-rustico-carpintero-hecho-a-mano\/#breadcrumb"},"inLanguage":"en-US","potentialAction":[{"@type":"ReadAction","target":["https:\/\/woodlovedesign.com\/en\/producto\/estante-rustico-carpintero-hecho-a-mano\/"]}]},{"@type":"ImageObject","inLanguage":"en-US","@id":"https:\/\/woodlovedesign.com\/en\/producto\/estante-rustico-carpintero-hecho-a-mano\/#primaryimage","url":"https:\/\/woodlovedesign.com\/wp-content\/uploads\/2025\/03\/Leonardo_Vision_XL_Disea_una_imagen_de_un_estante_rstico_hecho_0.jpg","contentUrl":"https:\/\/woodlovedesign.com\/wp-content\/uploads\/2025\/03\/Leonardo_Vision_XL_Disea_una_imagen_de_un_estante_rstico_hecho_0.jpg","width":1792,"height":1456},{"@type":"BreadcrumbList","@id":"https:\/\/woodlovedesign.com\/en\/producto\/estante-rustico-carpintero-hecho-a-mano\/#breadcrumb","itemListElement":[{"@type":"ListItem","position":1,"name":"Portada","item":"https:\/\/woodlovedesign.com\/en\/"},{"@type":"ListItem","position":2,"name":"Tienda","item":"https:\/\/woodlovedesign.com\/en\/tienda-2\/"},{"@type":"ListItem","position":3,"name":"Estante r\u00fastico carpintero hecho a mano"}]},{"@type":"WebSite","@id":"https:\/\/woodlovedesign.com\/en\/#website","url":"https:\/\/woodlovedesign.com\/en\/","name":"Woodlove","description":"","potentialAction":[{"@type":"SearchAction","target":{"@type":"EntryPoint","urlTemplate":"https:\/\/woodlovedesign.com\/en\/?s={search_term_string}"},"query-input":{"@type":"PropertyValueSpecification","valueRequired":true,"valueName":"search_term_string"}}],"inLanguage":"en-US"}]}},"_links":{"self":[{"href":"https:\/\/woodlovedesign.com\/en\/wp-json\/wp\/v2\/product\/602","targetHints":{"allow":["GET"]}}],"collection":[{"href":"https:\/\/woodlovedesign.com\/en\/wp-json\/wp\/v2\/product"}],"about":[{"href":"https:\/\/woodlovedesign.com\/en\/wp-json\/wp\/v2\/types\/product"}],"replies":[{"embeddable":true,"href":"https:\/\/woodlovedesign.com\/en\/wp-json\/wp\/v2\/comments?post=602"}],"wp:featuredmedia":[{"embeddable":true,"href":"https:\/\/woodlovedesign.com\/en\/wp-json\/wp\/v2\/media\/434"}],"wp:attachment":[{"href":"https:\/\/woodlovedesign.com\/en\/wp-json\/wp\/v2\/media?parent=602"}],"wp:term":[{"taxonomy":"marca","embeddable":true,"href":"https:\/\/woodlovedesign.com\/en\/wp-json\/wp\/v2\/marca?post=602"},{"taxonomy":"product_brand","embeddable":true,"href":"https:\/\/woodlovedesign.com\/en\/wp-json\/wp\/v2\/product_brand?post=602"},{"taxonomy":"product_cat","embeddable":true,"href":"https:\/\/woodlovedesign.com\/en\/wp-json\/wp\/v2\/product_cat?post=602"},{"taxonomy":"product_tag","embeddable":true,"href":"https:\/\/woodlovedesign.com\/en\/wp-json\/wp\/v2\/product_tag?post=602"}],"curies":[{"name":"wp","href":"https:\/\/api.w.org\/{rel}","templated":true}]}}